{"id":39678,"date":"2024-06-18T12:47:33","date_gmt":"2024-06-18T12:47:33","guid":{"rendered":"http:\/\/backupvandev-suurmond.triplehosting.nl\/?page_id=39678"},"modified":"2025-03-10T09:50:04","modified_gmt":"2025-03-10T09:50:04","slug":"rejoignez-lequipe-suurmond-une-culture-de-collaboration-dinnovation-et-dimpact","status":"publish","type":"page","link":"https:\/\/backupvandev-suurmond.triplehosting.nl\/fr\/rejoignez-lequipe-suurmond-une-culture-de-collaboration-dinnovation-et-dimpact\/","title":{"rendered":"Rejoignez l\u2019\u00c9quipe Suurmond\u202f: \u00ab\u202fUne culture de collaboration, d\u2019innovation et d\u2019impact\u202f\u00bb"},"content":{"rendered":"","protected":false},"excerpt":{"rendered":"","protected":false},"author":2,"featured_media":2749,"parent":0,"menu_order":0,"comment_status":"closed","ping_status":"closed","template":"templates\/about-suurmond-template.php","meta":{"_acf_changed":false,"inline_featured_image":false,"footnotes":""},"gladior_regios":[1152,1153,1155,1151],"class_list":["post-39678","page","type-page","status-publish","has-post-thumbnail","hentry","gladior_regios-belgium","gladior_regios-france","gladior_regios-luxembourg","gladior_regios-other"],"acf":[],"yoast_head":"<!-- This site is optimized with the Yoast SEO plugin v24.9 - https:\/\/yoast.com\/wordpress\/plugins\/seo\/ -->\n<title>Rejoignez l\u2019\u00c9quipe Suurmond\u202f: \u00ab\u202fUne culture de collaboration, d\u2019innovation et d\u2019impact\u202f\u00bb - Suurmond<\/title>\n<meta name=\"description\" content=\"Depuis sa cr\u00e9ation en 1974, notre entreprise se consacre aux solutions sur mesure pour l&#039;industrie des proc\u00e9d\u00e9s. \u00c0 l&#039;\u00e9poque, nous avons commenc\u00e9 par des syst\u00e8mes de barri\u00e8re et d&#039;\u00e9tanch\u00e9it\u00e9 pour l&#039;extrusion et la chimie. Aujourd&#039;hui, Suurmond propose de nombreuses solutions pour l&#039;optimisation des processus.\" \/>\n<meta name=\"robots\" content=\"noindex, follow, max-snippet:-1, max-image-preview:large, max-video-preview:-1\" \/>\n<meta property=\"og:locale\" content=\"fr_FR\" \/>\n<meta property=\"og:type\" content=\"article\" \/>\n<meta property=\"og:title\" content=\"Rejoignez l\u2019\u00c9quipe Suurmond\u202f: \u00ab\u202fUne culture de collaboration, d\u2019innovation et d\u2019impact\u202f\u00bb - Suurmond\" \/>\n<meta property=\"og:description\" content=\"Depuis sa cr\u00e9ation en 1974, notre entreprise se consacre aux solutions sur mesure pour l&#039;industrie des proc\u00e9d\u00e9s. \u00c0 l&#039;\u00e9poque, nous avons commenc\u00e9 par des syst\u00e8mes de barri\u00e8re et d&#039;\u00e9tanch\u00e9it\u00e9 pour l&#039;extrusion et la chimie. Aujourd&#039;hui, Suurmond propose de nombreuses solutions pour l&#039;optimisation des processus.\" \/>\n<meta property=\"og:url\" content=\"https:\/\/backupvandev-suurmond.triplehosting.nl\/fr\/rejoignez-lequipe-suurmond-une-culture-de-collaboration-dinnovation-et-dimpact\/\" \/>\n<meta property=\"og:site_name\" content=\"Suurmond\" \/>\n<meta property=\"article:modified_time\" content=\"2025-03-10T09:50:04+00:00\" \/>\n<meta property=\"og:image\" content=\"https:\/\/backupvandev-suurmond.triplehosting.nl\/wp-content\/uploads\/2020\/04\/person.jpg\" \/>\n\t<meta property=\"og:image:width\" content=\"500\" \/>\n\t<meta property=\"og:image:height\" content=\"500\" \/>\n\t<meta property=\"og:image:type\" content=\"image\/jpeg\" \/>\n<meta name=\"twitter:card\" content=\"summary_large_image\" \/>\n<meta name=\"twitter:label1\" content=\"Dur\u00e9e de lecture estim\u00e9e\" \/>\n\t<meta name=\"twitter:data1\" content=\"1 minute\" \/>\n<script type=\"application\/ld+json\" class=\"yoast-schema-graph\">{\"@context\":\"https:\/\/schema.org\",\"@graph\":[{\"@type\":\"WebPage\",\"@id\":\"https:\/\/backupvandev-suurmond.triplehosting.nl\/fr\/rejoignez-lequipe-suurmond-une-culture-de-collaboration-dinnovation-et-dimpact\/\",\"url\":\"https:\/\/backupvandev-suurmond.triplehosting.nl\/fr\/rejoignez-lequipe-suurmond-une-culture-de-collaboration-dinnovation-et-dimpact\/\",\"name\":\"Rejoignez l\u2019\u00c9quipe Suurmond\u202f: \u00ab\u202fUne culture de collaboration, d\u2019innovation et d\u2019impact\u202f\u00bb - Suurmond\",\"isPartOf\":{\"@id\":\"https:\/\/backupvandev-suurmond.triplehosting.nl\/fr\/#website\"},\"primaryImageOfPage\":{\"@id\":\"https:\/\/backupvandev-suurmond.triplehosting.nl\/fr\/rejoignez-lequipe-suurmond-une-culture-de-collaboration-dinnovation-et-dimpact\/#primaryimage\"},\"image\":{\"@id\":\"https:\/\/backupvandev-suurmond.triplehosting.nl\/fr\/rejoignez-lequipe-suurmond-une-culture-de-collaboration-dinnovation-et-dimpact\/#primaryimage\"},\"thumbnailUrl\":\"https:\/\/backupvandev-suurmond.triplehosting.nl\/wp-content\/uploads\/2020\/04\/person.jpg\",\"datePublished\":\"2024-06-18T12:47:33+00:00\",\"dateModified\":\"2025-03-10T09:50:04+00:00\",\"description\":\"Depuis sa cr\u00e9ation en 1974, notre entreprise se consacre aux solutions sur mesure pour l'industrie des proc\u00e9d\u00e9s. \u00c0 l'\u00e9poque, nous avons commenc\u00e9 par des syst\u00e8mes de barri\u00e8re et d'\u00e9tanch\u00e9it\u00e9 pour l'extrusion et la chimie. Aujourd'hui, Suurmond propose de nombreuses solutions pour l'optimisation des processus.\",\"breadcrumb\":{\"@id\":\"https:\/\/backupvandev-suurmond.triplehosting.nl\/fr\/rejoignez-lequipe-suurmond-une-culture-de-collaboration-dinnovation-et-dimpact\/#breadcrumb\"},\"inLanguage\":\"fr-FR\",\"potentialAction\":[{\"@type\":\"ReadAction\",\"target\":[\"https:\/\/backupvandev-suurmond.triplehosting.nl\/fr\/rejoignez-lequipe-suurmond-une-culture-de-collaboration-dinnovation-et-dimpact\/\"]}]},{\"@type\":\"ImageObject\",\"inLanguage\":\"fr-FR\",\"@id\":\"https:\/\/backupvandev-suurmond.triplehosting.nl\/fr\/rejoignez-lequipe-suurmond-une-culture-de-collaboration-dinnovation-et-dimpact\/#primaryimage\",\"url\":\"https:\/\/backupvandev-suurmond.triplehosting.nl\/wp-content\/uploads\/2020\/04\/person.jpg\",\"contentUrl\":\"https:\/\/backupvandev-suurmond.triplehosting.nl\/wp-content\/uploads\/2020\/04\/person.jpg\",\"width\":500,\"height\":500,\"caption\":\"person\"},{\"@type\":\"BreadcrumbList\",\"@id\":\"https:\/\/backupvandev-suurmond.triplehosting.nl\/fr\/rejoignez-lequipe-suurmond-une-culture-de-collaboration-dinnovation-et-dimpact\/#breadcrumb\",\"itemListElement\":[{\"@type\":\"ListItem\",\"position\":1,\"name\":\"Home\",\"item\":\"http:\/\/backupvandev-suurmond.triplehosting.nl\/fr\/\"},{\"@type\":\"ListItem\",\"position\":2,\"name\":\"Rejoignez l\u2019\u00c9quipe Suurmond\u202f: \u00ab\u202fUne culture de collaboration, d\u2019innovation et d\u2019impact\u202f\u00bb\"}]},{\"@type\":\"WebSite\",\"@id\":\"https:\/\/backupvandev-suurmond.triplehosting.nl\/fr\/#website\",\"url\":\"https:\/\/backupvandev-suurmond.triplehosting.nl\/fr\/\",\"name\":\"Suurmond\",\"description\":\"Engineered solutions\",\"potentialAction\":[{\"@type\":\"SearchAction\",\"target\":{\"@type\":\"EntryPoint\",\"urlTemplate\":\"https:\/\/backupvandev-suurmond.triplehosting.nl\/fr\/?s={search_term_string}\"},\"query-input\":{\"@type\":\"PropertyValueSpecification\",\"valueRequired\":true,\"valueName\":\"search_term_string\"}}],\"inLanguage\":\"fr-FR\"}]}<\/script>\n<!-- \/ Yoast SEO plugin. -->","yoast_head_json":{"title":"Rejoignez l\u2019\u00c9quipe Suurmond\u202f: \u00ab\u202fUne culture de collaboration, d\u2019innovation et d\u2019impact\u202f\u00bb - Suurmond","description":"Depuis sa cr\u00e9ation en 1974, notre entreprise se consacre aux solutions sur mesure pour l'industrie des proc\u00e9d\u00e9s. \u00c0 l'\u00e9poque, nous avons commenc\u00e9 par des syst\u00e8mes de barri\u00e8re et d'\u00e9tanch\u00e9it\u00e9 pour l'extrusion et la chimie. Aujourd'hui, Suurmond propose de nombreuses solutions pour l'optimisation des processus.","robots":{"index":"noindex","follow":"follow","max-snippet":"max-snippet:-1","max-image-preview":"max-image-preview:large","max-video-preview":"max-video-preview:-1"},"og_locale":"fr_FR","og_type":"article","og_title":"Rejoignez l\u2019\u00c9quipe Suurmond\u202f: \u00ab\u202fUne culture de collaboration, d\u2019innovation et d\u2019impact\u202f\u00bb - Suurmond","og_description":"Depuis sa cr\u00e9ation en 1974, notre entreprise se consacre aux solutions sur mesure pour l'industrie des proc\u00e9d\u00e9s. \u00c0 l'\u00e9poque, nous avons commenc\u00e9 par des syst\u00e8mes de barri\u00e8re et d'\u00e9tanch\u00e9it\u00e9 pour l'extrusion et la chimie. Aujourd'hui, Suurmond propose de nombreuses solutions pour l'optimisation des processus.","og_url":"https:\/\/backupvandev-suurmond.triplehosting.nl\/fr\/rejoignez-lequipe-suurmond-une-culture-de-collaboration-dinnovation-et-dimpact\/","og_site_name":"Suurmond","article_modified_time":"2025-03-10T09:50:04+00:00","og_image":[{"width":500,"height":500,"url":"https:\/\/backupvandev-suurmond.triplehosting.nl\/wp-content\/uploads\/2020\/04\/person.jpg","type":"image\/jpeg"}],"twitter_card":"summary_large_image","twitter_misc":{"Dur\u00e9e de lecture estim\u00e9e":"1 minute"},"schema":{"@context":"https:\/\/schema.org","@graph":[{"@type":"WebPage","@id":"https:\/\/backupvandev-suurmond.triplehosting.nl\/fr\/rejoignez-lequipe-suurmond-une-culture-de-collaboration-dinnovation-et-dimpact\/","url":"https:\/\/backupvandev-suurmond.triplehosting.nl\/fr\/rejoignez-lequipe-suurmond-une-culture-de-collaboration-dinnovation-et-dimpact\/","name":"Rejoignez l\u2019\u00c9quipe Suurmond\u202f: \u00ab\u202fUne culture de collaboration, d\u2019innovation et d\u2019impact\u202f\u00bb - Suurmond","isPartOf":{"@id":"https:\/\/backupvandev-suurmond.triplehosting.nl\/fr\/#website"},"primaryImageOfPage":{"@id":"https:\/\/backupvandev-suurmond.triplehosting.nl\/fr\/rejoignez-lequipe-suurmond-une-culture-de-collaboration-dinnovation-et-dimpact\/#primaryimage"},"image":{"@id":"https:\/\/backupvandev-suurmond.triplehosting.nl\/fr\/rejoignez-lequipe-suurmond-une-culture-de-collaboration-dinnovation-et-dimpact\/#primaryimage"},"thumbnailUrl":"https:\/\/backupvandev-suurmond.triplehosting.nl\/wp-content\/uploads\/2020\/04\/person.jpg","datePublished":"2024-06-18T12:47:33+00:00","dateModified":"2025-03-10T09:50:04+00:00","description":"Depuis sa cr\u00e9ation en 1974, notre entreprise se consacre aux solutions sur mesure pour l'industrie des proc\u00e9d\u00e9s. \u00c0 l'\u00e9poque, nous avons commenc\u00e9 par des syst\u00e8mes de barri\u00e8re et d'\u00e9tanch\u00e9it\u00e9 pour l'extrusion et la chimie. Aujourd'hui, Suurmond propose de nombreuses solutions pour l'optimisation des processus.","breadcrumb":{"@id":"https:\/\/backupvandev-suurmond.triplehosting.nl\/fr\/rejoignez-lequipe-suurmond-une-culture-de-collaboration-dinnovation-et-dimpact\/#breadcrumb"},"inLanguage":"fr-FR","potentialAction":[{"@type":"ReadAction","target":["https:\/\/backupvandev-suurmond.triplehosting.nl\/fr\/rejoignez-lequipe-suurmond-une-culture-de-collaboration-dinnovation-et-dimpact\/"]}]},{"@type":"ImageObject","inLanguage":"fr-FR","@id":"https:\/\/backupvandev-suurmond.triplehosting.nl\/fr\/rejoignez-lequipe-suurmond-une-culture-de-collaboration-dinnovation-et-dimpact\/#primaryimage","url":"https:\/\/backupvandev-suurmond.triplehosting.nl\/wp-content\/uploads\/2020\/04\/person.jpg","contentUrl":"https:\/\/backupvandev-suurmond.triplehosting.nl\/wp-content\/uploads\/2020\/04\/person.jpg","width":500,"height":500,"caption":"person"},{"@type":"BreadcrumbList","@id":"https:\/\/backupvandev-suurmond.triplehosting.nl\/fr\/rejoignez-lequipe-suurmond-une-culture-de-collaboration-dinnovation-et-dimpact\/#breadcrumb","itemListElement":[{"@type":"ListItem","position":1,"name":"Home","item":"http:\/\/backupvandev-suurmond.triplehosting.nl\/fr\/"},{"@type":"ListItem","position":2,"name":"Rejoignez l\u2019\u00c9quipe Suurmond\u202f: \u00ab\u202fUne culture de collaboration, d\u2019innovation et d\u2019impact\u202f\u00bb"}]},{"@type":"WebSite","@id":"https:\/\/backupvandev-suurmond.triplehosting.nl\/fr\/#website","url":"https:\/\/backupvandev-suurmond.triplehosting.nl\/fr\/","name":"Suurmond","description":"Engineered solutions","potentialAction":[{"@type":"SearchAction","target":{"@type":"EntryPoint","urlTemplate":"https:\/\/backupvandev-suurmond.triplehosting.nl\/fr\/?s={search_term_string}"},"query-input":{"@type":"PropertyValueSpecification","valueRequired":true,"valueName":"search_term_string"}}],"inLanguage":"fr-FR"}]}},"_links":{"self":[{"href":"https:\/\/backupvandev-suurmond.triplehosting.nl\/fr\/wp-json\/wp\/v2\/pages\/39678","targetHints":{"allow":["GET"]}}],"collection":[{"href":"https:\/\/backupvandev-suurmond.triplehosting.nl\/fr\/wp-json\/wp\/v2\/pages"}],"about":[{"href":"https:\/\/backupvandev-suurmond.triplehosting.nl\/fr\/wp-json\/wp\/v2\/types\/page"}],"author":[{"embeddable":true,"href":"https:\/\/backupvandev-suurmond.triplehosting.nl\/fr\/wp-json\/wp\/v2\/users\/2"}],"replies":[{"embeddable":true,"href":"https:\/\/backupvandev-suurmond.triplehosting.nl\/fr\/wp-json\/wp\/v2\/comments?post=39678"}],"version-history":[{"count":13,"href":"https:\/\/backupvandev-suurmond.triplehosting.nl\/fr\/wp-json\/wp\/v2\/pages\/39678\/revisions"}],"predecessor-version":[{"id":40375,"href":"https:\/\/backupvandev-suurmond.triplehosting.nl\/fr\/wp-json\/wp\/v2\/pages\/39678\/revisions\/40375"}],"wp:featuredmedia":[{"embeddable":true,"href":"https:\/\/backupvandev-suurmond.triplehosting.nl\/fr\/wp-json\/wp\/v2\/media\/2749"}],"wp:attachment":[{"href":"https:\/\/backupvandev-suurmond.triplehosting.nl\/fr\/wp-json\/wp\/v2\/media?parent=39678"}],"wp:term":[{"taxonomy":"gladior_regios","embeddable":true,"href":"https:\/\/backupvandev-suurmond.triplehosting.nl\/fr\/wp-json\/wp\/v2\/gladior_regios?post=39678"}],"curies":[{"name":"wp","href":"https:\/\/api.w.org\/{rel}","templated":true}]}}