{"id":24800,"date":"2023-06-29T13:23:47","date_gmt":"2023-06-29T13:23:47","guid":{"rendered":"https:\/\/suurmond.triplehosting.nl\/fluid-handling-2\/"},"modified":"2025-03-31T07:39:17","modified_gmt":"2025-03-31T07:39:17","slug":"fluid-handling","status":"publish","type":"page","link":"https:\/\/backupvandev-suurmond.triplehosting.nl\/fr\/fluid-handling\/","title":{"rendered":"Fluid Handling"},"content":{"rendered":"","protected":false},"excerpt":{"rendered":"","protected":false},"author":1,"featured_media":0,"parent":0,"menu_order":0,"comment_status":"closed","ping_status":"closed","template":"","meta":{"_acf_changed":false,"inline_featured_image":false,"footnotes":""},"gladior_regios":[1152,1153,1155,1151],"class_list":["post-24800","page","type-page","status-publish","hentry","gladior_regios-belgium","gladior_regios-france","gladior_regios-luxembourg","gladior_regios-other"],"acf":[],"yoast_head":"<!-- This site is optimized with the Yoast SEO plugin v24.9 - https:\/\/yoast.com\/wordpress\/plugins\/seo\/ -->\n<title>Fluid Handling | Suurmond<\/title>\n<meta name=\"description\" content=\"Pompes \u00e0 engrenages sp\u00e9ciales et syst\u00e8mes de traitement des fluides pour l&#039;industrie de transformation, afin d&#039;optimiser votre processus de production et d&#039;obtenir une qualit\u00e9 de produit sup\u00e9rieure! Optimisez votre processus d\u00e8s maintenant !\" \/>\n<meta name=\"robots\" content=\"noindex, follow, max-snippet:-1, max-image-preview:large, max-video-preview:-1\" \/>\n<meta property=\"og:locale\" content=\"fr_FR\" \/>\n<meta property=\"og:type\" content=\"article\" \/>\n<meta property=\"og:title\" content=\"Fluid Handling | Suurmond\" \/>\n<meta property=\"og:description\" content=\"Pompes \u00e0 engrenages sp\u00e9ciales et syst\u00e8mes de traitement des fluides pour l&#039;industrie de transformation, afin d&#039;optimiser votre processus de production et d&#039;obtenir une qualit\u00e9 de produit sup\u00e9rieure! Optimisez votre processus d\u00e8s maintenant !\" \/>\n<meta property=\"og:url\" content=\"https:\/\/backupvandev-suurmond.triplehosting.nl\/fr\/fluid-handling\/\" \/>\n<meta property=\"og:site_name\" content=\"Suurmond\" \/>\n<meta property=\"article:modified_time\" content=\"2025-03-31T07:39:17+00:00\" \/>\n<meta name=\"twitter:card\" content=\"summary_large_image\" \/>\n<script type=\"application\/ld+json\" class=\"yoast-schema-graph\">{\"@context\":\"https:\/\/schema.org\",\"@graph\":[{\"@type\":\"WebPage\",\"@id\":\"https:\/\/backupvandev-suurmond.triplehosting.nl\/fr\/fluid-handling\/\",\"url\":\"https:\/\/backupvandev-suurmond.triplehosting.nl\/fr\/fluid-handling\/\",\"name\":\"Fluid Handling | Suurmond\",\"isPartOf\":{\"@id\":\"https:\/\/backupvandev-suurmond.triplehosting.nl\/fr\/#website\"},\"datePublished\":\"2023-06-29T13:23:47+00:00\",\"dateModified\":\"2025-03-31T07:39:17+00:00\",\"description\":\"Pompes \u00e0 engrenages sp\u00e9ciales et syst\u00e8mes de traitement des fluides pour l'industrie de transformation, afin d'optimiser votre processus de production et d'obtenir une qualit\u00e9 de produit sup\u00e9rieure! Optimisez votre processus d\u00e8s maintenant !\",\"breadcrumb\":{\"@id\":\"https:\/\/backupvandev-suurmond.triplehosting.nl\/fr\/fluid-handling\/#breadcrumb\"},\"inLanguage\":\"fr-FR\",\"potentialAction\":[{\"@type\":\"ReadAction\",\"target\":[\"https:\/\/backupvandev-suurmond.triplehosting.nl\/fr\/fluid-handling\/\"]}]},{\"@type\":\"BreadcrumbList\",\"@id\":\"https:\/\/backupvandev-suurmond.triplehosting.nl\/fr\/fluid-handling\/#breadcrumb\",\"itemListElement\":[{\"@type\":\"ListItem\",\"position\":1,\"name\":\"Home\",\"item\":\"http:\/\/backupvandev-suurmond.triplehosting.nl\/fr\/\"},{\"@type\":\"ListItem\",\"position\":2,\"name\":\"Fluid Handling\"}]},{\"@type\":\"WebSite\",\"@id\":\"https:\/\/backupvandev-suurmond.triplehosting.nl\/fr\/#website\",\"url\":\"https:\/\/backupvandev-suurmond.triplehosting.nl\/fr\/\",\"name\":\"Suurmond\",\"description\":\"Engineered solutions\",\"potentialAction\":[{\"@type\":\"SearchAction\",\"target\":{\"@type\":\"EntryPoint\",\"urlTemplate\":\"https:\/\/backupvandev-suurmond.triplehosting.nl\/fr\/?s={search_term_string}\"},\"query-input\":{\"@type\":\"PropertyValueSpecification\",\"valueRequired\":true,\"valueName\":\"search_term_string\"}}],\"inLanguage\":\"fr-FR\"}]}<\/script>\n<!-- \/ Yoast SEO plugin. -->","yoast_head_json":{"title":"Fluid Handling | Suurmond","description":"Pompes \u00e0 engrenages sp\u00e9ciales et syst\u00e8mes de traitement des fluides pour l'industrie de transformation, afin d'optimiser votre processus de production et d'obtenir une qualit\u00e9 de produit sup\u00e9rieure! Optimisez votre processus d\u00e8s maintenant !","robots":{"index":"noindex","follow":"follow","max-snippet":"max-snippet:-1","max-image-preview":"max-image-preview:large","max-video-preview":"max-video-preview:-1"},"og_locale":"fr_FR","og_type":"article","og_title":"Fluid Handling | Suurmond","og_description":"Pompes \u00e0 engrenages sp\u00e9ciales et syst\u00e8mes de traitement des fluides pour l'industrie de transformation, afin d'optimiser votre processus de production et d'obtenir une qualit\u00e9 de produit sup\u00e9rieure! Optimisez votre processus d\u00e8s maintenant !","og_url":"https:\/\/backupvandev-suurmond.triplehosting.nl\/fr\/fluid-handling\/","og_site_name":"Suurmond","article_modified_time":"2025-03-31T07:39:17+00:00","twitter_card":"summary_large_image","schema":{"@context":"https:\/\/schema.org","@graph":[{"@type":"WebPage","@id":"https:\/\/backupvandev-suurmond.triplehosting.nl\/fr\/fluid-handling\/","url":"https:\/\/backupvandev-suurmond.triplehosting.nl\/fr\/fluid-handling\/","name":"Fluid Handling | Suurmond","isPartOf":{"@id":"https:\/\/backupvandev-suurmond.triplehosting.nl\/fr\/#website"},"datePublished":"2023-06-29T13:23:47+00:00","dateModified":"2025-03-31T07:39:17+00:00","description":"Pompes \u00e0 engrenages sp\u00e9ciales et syst\u00e8mes de traitement des fluides pour l'industrie de transformation, afin d'optimiser votre processus de production et d'obtenir une qualit\u00e9 de produit sup\u00e9rieure! Optimisez votre processus d\u00e8s maintenant !","breadcrumb":{"@id":"https:\/\/backupvandev-suurmond.triplehosting.nl\/fr\/fluid-handling\/#breadcrumb"},"inLanguage":"fr-FR","potentialAction":[{"@type":"ReadAction","target":["https:\/\/backupvandev-suurmond.triplehosting.nl\/fr\/fluid-handling\/"]}]},{"@type":"BreadcrumbList","@id":"https:\/\/backupvandev-suurmond.triplehosting.nl\/fr\/fluid-handling\/#breadcrumb","itemListElement":[{"@type":"ListItem","position":1,"name":"Home","item":"http:\/\/backupvandev-suurmond.triplehosting.nl\/fr\/"},{"@type":"ListItem","position":2,"name":"Fluid Handling"}]},{"@type":"WebSite","@id":"https:\/\/backupvandev-suurmond.triplehosting.nl\/fr\/#website","url":"https:\/\/backupvandev-suurmond.triplehosting.nl\/fr\/","name":"Suurmond","description":"Engineered solutions","potentialAction":[{"@type":"SearchAction","target":{"@type":"EntryPoint","urlTemplate":"https:\/\/backupvandev-suurmond.triplehosting.nl\/fr\/?s={search_term_string}"},"query-input":{"@type":"PropertyValueSpecification","valueRequired":true,"valueName":"search_term_string"}}],"inLanguage":"fr-FR"}]}},"_links":{"self":[{"href":"https:\/\/backupvandev-suurmond.triplehosting.nl\/fr\/wp-json\/wp\/v2\/pages\/24800","targetHints":{"allow":["GET"]}}],"collection":[{"href":"https:\/\/backupvandev-suurmond.triplehosting.nl\/fr\/wp-json\/wp\/v2\/pages"}],"about":[{"href":"https:\/\/backupvandev-suurmond.triplehosting.nl\/fr\/wp-json\/wp\/v2\/types\/page"}],"author":[{"embeddable":true,"href":"https:\/\/backupvandev-suurmond.triplehosting.nl\/fr\/wp-json\/wp\/v2\/users\/1"}],"replies":[{"embeddable":true,"href":"https:\/\/backupvandev-suurmond.triplehosting.nl\/fr\/wp-json\/wp\/v2\/comments?post=24800"}],"version-history":[{"count":15,"href":"https:\/\/backupvandev-suurmond.triplehosting.nl\/fr\/wp-json\/wp\/v2\/pages\/24800\/revisions"}],"predecessor-version":[{"id":41811,"href":"https:\/\/backupvandev-suurmond.triplehosting.nl\/fr\/wp-json\/wp\/v2\/pages\/24800\/revisions\/41811"}],"wp:attachment":[{"href":"https:\/\/backupvandev-suurmond.triplehosting.nl\/fr\/wp-json\/wp\/v2\/media?parent=24800"}],"wp:term":[{"taxonomy":"gladior_regios","embeddable":true,"href":"https:\/\/backupvandev-suurmond.triplehosting.nl\/fr\/wp-json\/wp\/v2\/gladior_regios?post=24800"}],"curies":[{"name":"wp","href":"https:\/\/api.w.org\/{rel}","templated":true}]}}