{"id":23124,"date":"2023-07-03T08:26:31","date_gmt":"2023-07-03T08:26:31","guid":{"rendered":"https:\/\/suurmond.triplehosting.nl\/reactor-systems\/"},"modified":"2025-03-31T08:20:50","modified_gmt":"2025-03-31T08:20:50","slug":"reactor-systems","status":"publish","type":"page","link":"https:\/\/backupvandev-suurmond.triplehosting.nl\/fr\/reactor-systems\/","title":{"rendered":"Reactor Systems"},"content":{"rendered":"","protected":false},"excerpt":{"rendered":"","protected":false},"author":1,"featured_media":0,"parent":0,"menu_order":0,"comment_status":"closed","ping_status":"closed","template":"","meta":{"_acf_changed":false,"inline_featured_image":false,"footnotes":""},"gladior_regios":[1152,1155,1151],"class_list":["post-23124","page","type-page","status-publish","hentry","gladior_regios-belgium","gladior_regios-luxembourg","gladior_regios-other"],"acf":[],"yoast_head":"<!-- This site is optimized with the Yoast SEO plugin v24.9 - https:\/\/yoast.com\/wordpress\/plugins\/seo\/ -->\n<title>Reactor Systems | Suurmond<\/title>\n<meta name=\"description\" content=\"Nous offrons des r\u00e9acteurs en verre &amp; r\u00e9acteurs haute pression d\u00e9di\u00e9s pour des processus exigeants dans la R&amp;D jusqu&#039;\u00e0 la production. Pour d\u00e9veloppement &amp; fabrication chimique &amp; pharmaceutique.\" \/>\n<meta name=\"robots\" content=\"noindex, follow, max-snippet:-1, max-image-preview:large, max-video-preview:-1\" \/>\n<meta property=\"og:locale\" content=\"fr_FR\" \/>\n<meta property=\"og:type\" content=\"article\" \/>\n<meta property=\"og:title\" content=\"Reactor Systems | Suurmond\" \/>\n<meta property=\"og:description\" content=\"Nous offrons des r\u00e9acteurs en verre &amp; r\u00e9acteurs haute pression d\u00e9di\u00e9s pour des processus exigeants dans la R&amp;D jusqu&#039;\u00e0 la production. Pour d\u00e9veloppement &amp; fabrication chimique &amp; pharmaceutique.\" \/>\n<meta property=\"og:url\" content=\"https:\/\/backupvandev-suurmond.triplehosting.nl\/fr\/reactor-systems\/\" \/>\n<meta property=\"og:site_name\" content=\"Suurmond\" \/>\n<meta property=\"article:modified_time\" content=\"2025-03-31T08:20:50+00:00\" \/>\n<meta name=\"twitter:card\" content=\"summary_large_image\" \/>\n<script type=\"application\/ld+json\" class=\"yoast-schema-graph\">{\"@context\":\"https:\/\/schema.org\",\"@graph\":[{\"@type\":\"WebPage\",\"@id\":\"https:\/\/backupvandev-suurmond.triplehosting.nl\/fr\/reactor-systems\/\",\"url\":\"https:\/\/backupvandev-suurmond.triplehosting.nl\/fr\/reactor-systems\/\",\"name\":\"Reactor Systems | Suurmond\",\"isPartOf\":{\"@id\":\"https:\/\/backupvandev-suurmond.triplehosting.nl\/fr\/#website\"},\"datePublished\":\"2023-07-03T08:26:31+00:00\",\"dateModified\":\"2025-03-31T08:20:50+00:00\",\"description\":\"Nous offrons des r\u00e9acteurs en verre & r\u00e9acteurs haute pression d\u00e9di\u00e9s pour des processus exigeants dans la R&D jusqu'\u00e0 la production. Pour d\u00e9veloppement & fabrication chimique & pharmaceutique.\",\"breadcrumb\":{\"@id\":\"https:\/\/backupvandev-suurmond.triplehosting.nl\/fr\/reactor-systems\/#breadcrumb\"},\"inLanguage\":\"fr-FR\",\"potentialAction\":[{\"@type\":\"ReadAction\",\"target\":[\"https:\/\/backupvandev-suurmond.triplehosting.nl\/fr\/reactor-systems\/\"]}]},{\"@type\":\"BreadcrumbList\",\"@id\":\"https:\/\/backupvandev-suurmond.triplehosting.nl\/fr\/reactor-systems\/#breadcrumb\",\"itemListElement\":[{\"@type\":\"ListItem\",\"position\":1,\"name\":\"Home\",\"item\":\"http:\/\/backupvandev-suurmond.triplehosting.nl\/fr\/\"},{\"@type\":\"ListItem\",\"position\":2,\"name\":\"Reactor Systems\"}]},{\"@type\":\"WebSite\",\"@id\":\"https:\/\/backupvandev-suurmond.triplehosting.nl\/fr\/#website\",\"url\":\"https:\/\/backupvandev-suurmond.triplehosting.nl\/fr\/\",\"name\":\"Suurmond\",\"description\":\"Engineered solutions\",\"potentialAction\":[{\"@type\":\"SearchAction\",\"target\":{\"@type\":\"EntryPoint\",\"urlTemplate\":\"https:\/\/backupvandev-suurmond.triplehosting.nl\/fr\/?s={search_term_string}\"},\"query-input\":{\"@type\":\"PropertyValueSpecification\",\"valueRequired\":true,\"valueName\":\"search_term_string\"}}],\"inLanguage\":\"fr-FR\"}]}<\/script>\n<!-- \/ Yoast SEO plugin. -->","yoast_head_json":{"title":"Reactor Systems | Suurmond","description":"Nous offrons des r\u00e9acteurs en verre & r\u00e9acteurs haute pression d\u00e9di\u00e9s pour des processus exigeants dans la R&D jusqu'\u00e0 la production. Pour d\u00e9veloppement & fabrication chimique & pharmaceutique.","robots":{"index":"noindex","follow":"follow","max-snippet":"max-snippet:-1","max-image-preview":"max-image-preview:large","max-video-preview":"max-video-preview:-1"},"og_locale":"fr_FR","og_type":"article","og_title":"Reactor Systems | Suurmond","og_description":"Nous offrons des r\u00e9acteurs en verre & r\u00e9acteurs haute pression d\u00e9di\u00e9s pour des processus exigeants dans la R&D jusqu'\u00e0 la production. Pour d\u00e9veloppement & fabrication chimique & pharmaceutique.","og_url":"https:\/\/backupvandev-suurmond.triplehosting.nl\/fr\/reactor-systems\/","og_site_name":"Suurmond","article_modified_time":"2025-03-31T08:20:50+00:00","twitter_card":"summary_large_image","schema":{"@context":"https:\/\/schema.org","@graph":[{"@type":"WebPage","@id":"https:\/\/backupvandev-suurmond.triplehosting.nl\/fr\/reactor-systems\/","url":"https:\/\/backupvandev-suurmond.triplehosting.nl\/fr\/reactor-systems\/","name":"Reactor Systems | Suurmond","isPartOf":{"@id":"https:\/\/backupvandev-suurmond.triplehosting.nl\/fr\/#website"},"datePublished":"2023-07-03T08:26:31+00:00","dateModified":"2025-03-31T08:20:50+00:00","description":"Nous offrons des r\u00e9acteurs en verre & r\u00e9acteurs haute pression d\u00e9di\u00e9s pour des processus exigeants dans la R&D jusqu'\u00e0 la production. Pour d\u00e9veloppement & fabrication chimique & pharmaceutique.","breadcrumb":{"@id":"https:\/\/backupvandev-suurmond.triplehosting.nl\/fr\/reactor-systems\/#breadcrumb"},"inLanguage":"fr-FR","potentialAction":[{"@type":"ReadAction","target":["https:\/\/backupvandev-suurmond.triplehosting.nl\/fr\/reactor-systems\/"]}]},{"@type":"BreadcrumbList","@id":"https:\/\/backupvandev-suurmond.triplehosting.nl\/fr\/reactor-systems\/#breadcrumb","itemListElement":[{"@type":"ListItem","position":1,"name":"Home","item":"http:\/\/backupvandev-suurmond.triplehosting.nl\/fr\/"},{"@type":"ListItem","position":2,"name":"Reactor Systems"}]},{"@type":"WebSite","@id":"https:\/\/backupvandev-suurmond.triplehosting.nl\/fr\/#website","url":"https:\/\/backupvandev-suurmond.triplehosting.nl\/fr\/","name":"Suurmond","description":"Engineered solutions","potentialAction":[{"@type":"SearchAction","target":{"@type":"EntryPoint","urlTemplate":"https:\/\/backupvandev-suurmond.triplehosting.nl\/fr\/?s={search_term_string}"},"query-input":{"@type":"PropertyValueSpecification","valueRequired":true,"valueName":"search_term_string"}}],"inLanguage":"fr-FR"}]}},"_links":{"self":[{"href":"https:\/\/backupvandev-suurmond.triplehosting.nl\/fr\/wp-json\/wp\/v2\/pages\/23124","targetHints":{"allow":["GET"]}}],"collection":[{"href":"https:\/\/backupvandev-suurmond.triplehosting.nl\/fr\/wp-json\/wp\/v2\/pages"}],"about":[{"href":"https:\/\/backupvandev-suurmond.triplehosting.nl\/fr\/wp-json\/wp\/v2\/types\/page"}],"author":[{"embeddable":true,"href":"https:\/\/backupvandev-suurmond.triplehosting.nl\/fr\/wp-json\/wp\/v2\/users\/1"}],"replies":[{"embeddable":true,"href":"https:\/\/backupvandev-suurmond.triplehosting.nl\/fr\/wp-json\/wp\/v2\/comments?post=23124"}],"version-history":[{"count":9,"href":"https:\/\/backupvandev-suurmond.triplehosting.nl\/fr\/wp-json\/wp\/v2\/pages\/23124\/revisions"}],"predecessor-version":[{"id":41814,"href":"https:\/\/backupvandev-suurmond.triplehosting.nl\/fr\/wp-json\/wp\/v2\/pages\/23124\/revisions\/41814"}],"wp:attachment":[{"href":"https:\/\/backupvandev-suurmond.triplehosting.nl\/fr\/wp-json\/wp\/v2\/media?parent=23124"}],"wp:term":[{"taxonomy":"gladior_regios","embeddable":true,"href":"https:\/\/backupvandev-suurmond.triplehosting.nl\/fr\/wp-json\/wp\/v2\/gladior_regios?post=23124"}],"curies":[{"name":"wp","href":"https:\/\/api.w.org\/{rel}","templated":true}]}}