{"id":23095,"date":"2023-07-03T09:05:39","date_gmt":"2023-07-03T09:05:39","guid":{"rendered":"https:\/\/suurmond.triplehosting.nl\/sustainability\/"},"modified":"2025-03-10T10:30:44","modified_gmt":"2025-03-10T10:30:44","slug":"sustainability","status":"publish","type":"page","link":"https:\/\/backupvandev-suurmond.triplehosting.nl\/fr\/sustainability\/","title":{"rendered":"Durabilit\u00e9"},"content":{"rendered":"","protected":false},"excerpt":{"rendered":"","protected":false},"author":1,"featured_media":0,"parent":0,"menu_order":0,"comment_status":"closed","ping_status":"closed","template":"","meta":{"_acf_changed":false,"inline_featured_image":false,"footnotes":""},"gladior_regios":[1152,1153,1155,1151],"class_list":["post-23095","page","type-page","status-publish","hentry","gladior_regios-belgium","gladior_regios-france","gladior_regios-luxembourg","gladior_regios-other"],"acf":[],"yoast_head":"<!-- This site is optimized with the Yoast SEO plugin v24.9 - https:\/\/yoast.com\/wordpress\/plugins\/seo\/ -->\n<title>Durabilit\u00e9 | Suurmond<\/title>\n<meta name=\"description\" content=\"D\u00e8s la fondation de notre entreprise en 1974 dans un souci de durabilit\u00e9, Suurmond a fait des choix d\u00e9lib\u00e9r\u00e9s dans la m\u00e9thode de travail, dans les produits et les solutions que nous offrons, ainsi que dans l\u2019utilisation de mat\u00e9riaux.\" \/>\n<meta name=\"robots\" content=\"noindex, follow, max-snippet:-1, max-image-preview:large, max-video-preview:-1\" \/>\n<meta property=\"og:locale\" content=\"fr_FR\" \/>\n<meta property=\"og:type\" content=\"article\" \/>\n<meta property=\"og:title\" content=\"Durabilit\u00e9 | Suurmond\" \/>\n<meta property=\"og:description\" content=\"D\u00e8s la fondation de notre entreprise en 1974 dans un souci de durabilit\u00e9, Suurmond a fait des choix d\u00e9lib\u00e9r\u00e9s dans la m\u00e9thode de travail, dans les produits et les solutions que nous offrons, ainsi que dans l\u2019utilisation de mat\u00e9riaux.\" \/>\n<meta property=\"og:url\" content=\"https:\/\/backupvandev-suurmond.triplehosting.nl\/fr\/sustainability\/\" \/>\n<meta property=\"og:site_name\" content=\"Suurmond\" \/>\n<meta property=\"article:modified_time\" content=\"2025-03-10T10:30:44+00:00\" \/>\n<meta name=\"twitter:card\" content=\"summary_large_image\" \/>\n<script type=\"application\/ld+json\" class=\"yoast-schema-graph\">{\"@context\":\"https:\/\/schema.org\",\"@graph\":[{\"@type\":\"WebPage\",\"@id\":\"https:\/\/backupvandev-suurmond.triplehosting.nl\/fr\/sustainability\/\",\"url\":\"https:\/\/backupvandev-suurmond.triplehosting.nl\/fr\/sustainability\/\",\"name\":\"Durabilit\u00e9 | Suurmond\",\"isPartOf\":{\"@id\":\"https:\/\/backupvandev-suurmond.triplehosting.nl\/fr\/#website\"},\"datePublished\":\"2023-07-03T09:05:39+00:00\",\"dateModified\":\"2025-03-10T10:30:44+00:00\",\"description\":\"D\u00e8s la fondation de notre entreprise en 1974 dans un souci de durabilit\u00e9, Suurmond a fait des choix d\u00e9lib\u00e9r\u00e9s dans la m\u00e9thode de travail, dans les produits et les solutions que nous offrons, ainsi que dans l\u2019utilisation de mat\u00e9riaux.\",\"breadcrumb\":{\"@id\":\"https:\/\/backupvandev-suurmond.triplehosting.nl\/fr\/sustainability\/#breadcrumb\"},\"inLanguage\":\"fr-FR\",\"potentialAction\":[{\"@type\":\"ReadAction\",\"target\":[\"https:\/\/backupvandev-suurmond.triplehosting.nl\/fr\/sustainability\/\"]}]},{\"@type\":\"BreadcrumbList\",\"@id\":\"https:\/\/backupvandev-suurmond.triplehosting.nl\/fr\/sustainability\/#breadcrumb\",\"itemListElement\":[{\"@type\":\"ListItem\",\"position\":1,\"name\":\"Home\",\"item\":\"http:\/\/backupvandev-suurmond.triplehosting.nl\/fr\/\"},{\"@type\":\"ListItem\",\"position\":2,\"name\":\"Durabilit\u00e9\"}]},{\"@type\":\"WebSite\",\"@id\":\"https:\/\/backupvandev-suurmond.triplehosting.nl\/fr\/#website\",\"url\":\"https:\/\/backupvandev-suurmond.triplehosting.nl\/fr\/\",\"name\":\"Suurmond\",\"description\":\"Engineered solutions\",\"potentialAction\":[{\"@type\":\"SearchAction\",\"target\":{\"@type\":\"EntryPoint\",\"urlTemplate\":\"https:\/\/backupvandev-suurmond.triplehosting.nl\/fr\/?s={search_term_string}\"},\"query-input\":{\"@type\":\"PropertyValueSpecification\",\"valueRequired\":true,\"valueName\":\"search_term_string\"}}],\"inLanguage\":\"fr-FR\"}]}<\/script>\n<!-- \/ Yoast SEO plugin. -->","yoast_head_json":{"title":"Durabilit\u00e9 | Suurmond","description":"D\u00e8s la fondation de notre entreprise en 1974 dans un souci de durabilit\u00e9, Suurmond a fait des choix d\u00e9lib\u00e9r\u00e9s dans la m\u00e9thode de travail, dans les produits et les solutions que nous offrons, ainsi que dans l\u2019utilisation de mat\u00e9riaux.","robots":{"index":"noindex","follow":"follow","max-snippet":"max-snippet:-1","max-image-preview":"max-image-preview:large","max-video-preview":"max-video-preview:-1"},"og_locale":"fr_FR","og_type":"article","og_title":"Durabilit\u00e9 | Suurmond","og_description":"D\u00e8s la fondation de notre entreprise en 1974 dans un souci de durabilit\u00e9, Suurmond a fait des choix d\u00e9lib\u00e9r\u00e9s dans la m\u00e9thode de travail, dans les produits et les solutions que nous offrons, ainsi que dans l\u2019utilisation de mat\u00e9riaux.","og_url":"https:\/\/backupvandev-suurmond.triplehosting.nl\/fr\/sustainability\/","og_site_name":"Suurmond","article_modified_time":"2025-03-10T10:30:44+00:00","twitter_card":"summary_large_image","schema":{"@context":"https:\/\/schema.org","@graph":[{"@type":"WebPage","@id":"https:\/\/backupvandev-suurmond.triplehosting.nl\/fr\/sustainability\/","url":"https:\/\/backupvandev-suurmond.triplehosting.nl\/fr\/sustainability\/","name":"Durabilit\u00e9 | Suurmond","isPartOf":{"@id":"https:\/\/backupvandev-suurmond.triplehosting.nl\/fr\/#website"},"datePublished":"2023-07-03T09:05:39+00:00","dateModified":"2025-03-10T10:30:44+00:00","description":"D\u00e8s la fondation de notre entreprise en 1974 dans un souci de durabilit\u00e9, Suurmond a fait des choix d\u00e9lib\u00e9r\u00e9s dans la m\u00e9thode de travail, dans les produits et les solutions que nous offrons, ainsi que dans l\u2019utilisation de mat\u00e9riaux.","breadcrumb":{"@id":"https:\/\/backupvandev-suurmond.triplehosting.nl\/fr\/sustainability\/#breadcrumb"},"inLanguage":"fr-FR","potentialAction":[{"@type":"ReadAction","target":["https:\/\/backupvandev-suurmond.triplehosting.nl\/fr\/sustainability\/"]}]},{"@type":"BreadcrumbList","@id":"https:\/\/backupvandev-suurmond.triplehosting.nl\/fr\/sustainability\/#breadcrumb","itemListElement":[{"@type":"ListItem","position":1,"name":"Home","item":"http:\/\/backupvandev-suurmond.triplehosting.nl\/fr\/"},{"@type":"ListItem","position":2,"name":"Durabilit\u00e9"}]},{"@type":"WebSite","@id":"https:\/\/backupvandev-suurmond.triplehosting.nl\/fr\/#website","url":"https:\/\/backupvandev-suurmond.triplehosting.nl\/fr\/","name":"Suurmond","description":"Engineered solutions","potentialAction":[{"@type":"SearchAction","target":{"@type":"EntryPoint","urlTemplate":"https:\/\/backupvandev-suurmond.triplehosting.nl\/fr\/?s={search_term_string}"},"query-input":{"@type":"PropertyValueSpecification","valueRequired":true,"valueName":"search_term_string"}}],"inLanguage":"fr-FR"}]}},"_links":{"self":[{"href":"https:\/\/backupvandev-suurmond.triplehosting.nl\/fr\/wp-json\/wp\/v2\/pages\/23095","targetHints":{"allow":["GET"]}}],"collection":[{"href":"https:\/\/backupvandev-suurmond.triplehosting.nl\/fr\/wp-json\/wp\/v2\/pages"}],"about":[{"href":"https:\/\/backupvandev-suurmond.triplehosting.nl\/fr\/wp-json\/wp\/v2\/types\/page"}],"author":[{"embeddable":true,"href":"https:\/\/backupvandev-suurmond.triplehosting.nl\/fr\/wp-json\/wp\/v2\/users\/1"}],"replies":[{"embeddable":true,"href":"https:\/\/backupvandev-suurmond.triplehosting.nl\/fr\/wp-json\/wp\/v2\/comments?post=23095"}],"version-history":[{"count":3,"href":"https:\/\/backupvandev-suurmond.triplehosting.nl\/fr\/wp-json\/wp\/v2\/pages\/23095\/revisions"}],"predecessor-version":[{"id":32911,"href":"https:\/\/backupvandev-suurmond.triplehosting.nl\/fr\/wp-json\/wp\/v2\/pages\/23095\/revisions\/32911"}],"wp:attachment":[{"href":"https:\/\/backupvandev-suurmond.triplehosting.nl\/fr\/wp-json\/wp\/v2\/media?parent=23095"}],"wp:term":[{"taxonomy":"gladior_regios","embeddable":true,"href":"https:\/\/backupvandev-suurmond.triplehosting.nl\/fr\/wp-json\/wp\/v2\/gladior_regios?post=23095"}],"curies":[{"name":"wp","href":"https:\/\/api.w.org\/{rel}","templated":true}]}}