{"id":23085,"date":"2023-06-30T09:03:41","date_gmt":"2023-06-30T09:03:41","guid":{"rendered":"https:\/\/suurmond.triplehosting.nl\/news\/"},"modified":"2025-03-10T09:53:33","modified_gmt":"2025-03-10T09:53:33","slug":"actualites","status":"publish","type":"page","link":"https:\/\/backupvandev-suurmond.triplehosting.nl\/fr\/actualites\/","title":{"rendered":"Actualit\u00e9s"},"content":{"rendered":"","protected":false},"excerpt":{"rendered":"","protected":false},"author":1,"featured_media":0,"parent":0,"menu_order":0,"comment_status":"closed","ping_status":"closed","template":"templates\/news-overview-template.php","meta":{"_acf_changed":false,"inline_featured_image":false,"footnotes":""},"gladior_regios":[1152,1153,1155,1151],"class_list":["post-23085","page","type-page","status-publish","hentry","gladior_regios-belgium","gladior_regios-france","gladior_regios-luxembourg","gladior_regios-other"],"acf":[],"yoast_head":"<!-- This site is optimized with the Yoast SEO plugin v24.9 - https:\/\/yoast.com\/wordpress\/plugins\/seo\/ -->\n<title>Actualit\u00e9s | Suurmond<\/title>\n<meta name=\"description\" content=\"D\u00e9couvrez les derni\u00e8res nouvelles sur Suurmond, nos partenaires et nos produits ici ou suivez-nous sur LinkedIn.\" \/>\n<meta name=\"robots\" content=\"noindex, follow, max-snippet:-1, max-image-preview:large, max-video-preview:-1\" \/>\n<meta property=\"og:locale\" content=\"fr_FR\" \/>\n<meta property=\"og:type\" content=\"article\" \/>\n<meta property=\"og:title\" content=\"Actualit\u00e9s | Suurmond\" \/>\n<meta property=\"og:description\" content=\"D\u00e9couvrez les derni\u00e8res nouvelles sur Suurmond, nos partenaires et nos produits ici ou suivez-nous sur LinkedIn.\" \/>\n<meta property=\"og:url\" content=\"https:\/\/backupvandev-suurmond.triplehosting.nl\/fr\/actualites\/\" \/>\n<meta property=\"og:site_name\" content=\"Suurmond\" \/>\n<meta property=\"article:modified_time\" content=\"2025-03-10T09:53:33+00:00\" \/>\n<meta name=\"twitter:card\" content=\"summary_large_image\" \/>\n<script type=\"application\/ld+json\" class=\"yoast-schema-graph\">{\"@context\":\"https:\/\/schema.org\",\"@graph\":[{\"@type\":\"WebPage\",\"@id\":\"https:\/\/backupvandev-suurmond.triplehosting.nl\/fr\/actualites\/\",\"url\":\"https:\/\/backupvandev-suurmond.triplehosting.nl\/fr\/actualites\/\",\"name\":\"Actualit\u00e9s | Suurmond\",\"isPartOf\":{\"@id\":\"https:\/\/backupvandev-suurmond.triplehosting.nl\/fr\/#website\"},\"datePublished\":\"2023-06-30T09:03:41+00:00\",\"dateModified\":\"2025-03-10T09:53:33+00:00\",\"description\":\"D\u00e9couvrez les derni\u00e8res nouvelles sur Suurmond, nos partenaires et nos produits ici ou suivez-nous sur LinkedIn.\",\"breadcrumb\":{\"@id\":\"https:\/\/backupvandev-suurmond.triplehosting.nl\/fr\/actualites\/#breadcrumb\"},\"inLanguage\":\"fr-FR\",\"potentialAction\":[{\"@type\":\"ReadAction\",\"target\":[\"https:\/\/backupvandev-suurmond.triplehosting.nl\/fr\/actualites\/\"]}]},{\"@type\":\"BreadcrumbList\",\"@id\":\"https:\/\/backupvandev-suurmond.triplehosting.nl\/fr\/actualites\/#breadcrumb\",\"itemListElement\":[{\"@type\":\"ListItem\",\"position\":1,\"name\":\"Home\",\"item\":\"http:\/\/backupvandev-suurmond.triplehosting.nl\/fr\/\"},{\"@type\":\"ListItem\",\"position\":2,\"name\":\"Actualit\u00e9s\"}]},{\"@type\":\"WebSite\",\"@id\":\"https:\/\/backupvandev-suurmond.triplehosting.nl\/fr\/#website\",\"url\":\"https:\/\/backupvandev-suurmond.triplehosting.nl\/fr\/\",\"name\":\"Suurmond\",\"description\":\"Engineered solutions\",\"potentialAction\":[{\"@type\":\"SearchAction\",\"target\":{\"@type\":\"EntryPoint\",\"urlTemplate\":\"https:\/\/backupvandev-suurmond.triplehosting.nl\/fr\/?s={search_term_string}\"},\"query-input\":{\"@type\":\"PropertyValueSpecification\",\"valueRequired\":true,\"valueName\":\"search_term_string\"}}],\"inLanguage\":\"fr-FR\"}]}<\/script>\n<!-- \/ Yoast SEO plugin. -->","yoast_head_json":{"title":"Actualit\u00e9s | Suurmond","description":"D\u00e9couvrez les derni\u00e8res nouvelles sur Suurmond, nos partenaires et nos produits ici ou suivez-nous sur LinkedIn.","robots":{"index":"noindex","follow":"follow","max-snippet":"max-snippet:-1","max-image-preview":"max-image-preview:large","max-video-preview":"max-video-preview:-1"},"og_locale":"fr_FR","og_type":"article","og_title":"Actualit\u00e9s | Suurmond","og_description":"D\u00e9couvrez les derni\u00e8res nouvelles sur Suurmond, nos partenaires et nos produits ici ou suivez-nous sur LinkedIn.","og_url":"https:\/\/backupvandev-suurmond.triplehosting.nl\/fr\/actualites\/","og_site_name":"Suurmond","article_modified_time":"2025-03-10T09:53:33+00:00","twitter_card":"summary_large_image","schema":{"@context":"https:\/\/schema.org","@graph":[{"@type":"WebPage","@id":"https:\/\/backupvandev-suurmond.triplehosting.nl\/fr\/actualites\/","url":"https:\/\/backupvandev-suurmond.triplehosting.nl\/fr\/actualites\/","name":"Actualit\u00e9s | Suurmond","isPartOf":{"@id":"https:\/\/backupvandev-suurmond.triplehosting.nl\/fr\/#website"},"datePublished":"2023-06-30T09:03:41+00:00","dateModified":"2025-03-10T09:53:33+00:00","description":"D\u00e9couvrez les derni\u00e8res nouvelles sur Suurmond, nos partenaires et nos produits ici ou suivez-nous sur LinkedIn.","breadcrumb":{"@id":"https:\/\/backupvandev-suurmond.triplehosting.nl\/fr\/actualites\/#breadcrumb"},"inLanguage":"fr-FR","potentialAction":[{"@type":"ReadAction","target":["https:\/\/backupvandev-suurmond.triplehosting.nl\/fr\/actualites\/"]}]},{"@type":"BreadcrumbList","@id":"https:\/\/backupvandev-suurmond.triplehosting.nl\/fr\/actualites\/#breadcrumb","itemListElement":[{"@type":"ListItem","position":1,"name":"Home","item":"http:\/\/backupvandev-suurmond.triplehosting.nl\/fr\/"},{"@type":"ListItem","position":2,"name":"Actualit\u00e9s"}]},{"@type":"WebSite","@id":"https:\/\/backupvandev-suurmond.triplehosting.nl\/fr\/#website","url":"https:\/\/backupvandev-suurmond.triplehosting.nl\/fr\/","name":"Suurmond","description":"Engineered solutions","potentialAction":[{"@type":"SearchAction","target":{"@type":"EntryPoint","urlTemplate":"https:\/\/backupvandev-suurmond.triplehosting.nl\/fr\/?s={search_term_string}"},"query-input":{"@type":"PropertyValueSpecification","valueRequired":true,"valueName":"search_term_string"}}],"inLanguage":"fr-FR"}]}},"_links":{"self":[{"href":"https:\/\/backupvandev-suurmond.triplehosting.nl\/fr\/wp-json\/wp\/v2\/pages\/23085","targetHints":{"allow":["GET"]}}],"collection":[{"href":"https:\/\/backupvandev-suurmond.triplehosting.nl\/fr\/wp-json\/wp\/v2\/pages"}],"about":[{"href":"https:\/\/backupvandev-suurmond.triplehosting.nl\/fr\/wp-json\/wp\/v2\/types\/page"}],"author":[{"embeddable":true,"href":"https:\/\/backupvandev-suurmond.triplehosting.nl\/fr\/wp-json\/wp\/v2\/users\/1"}],"replies":[{"embeddable":true,"href":"https:\/\/backupvandev-suurmond.triplehosting.nl\/fr\/wp-json\/wp\/v2\/comments?post=23085"}],"version-history":[{"count":1,"href":"https:\/\/backupvandev-suurmond.triplehosting.nl\/fr\/wp-json\/wp\/v2\/pages\/23085\/revisions"}],"predecessor-version":[{"id":23087,"href":"https:\/\/backupvandev-suurmond.triplehosting.nl\/fr\/wp-json\/wp\/v2\/pages\/23085\/revisions\/23087"}],"wp:attachment":[{"href":"https:\/\/backupvandev-suurmond.triplehosting.nl\/fr\/wp-json\/wp\/v2\/media?parent=23085"}],"wp:term":[{"taxonomy":"gladior_regios","embeddable":true,"href":"https:\/\/backupvandev-suurmond.triplehosting.nl\/fr\/wp-json\/wp\/v2\/gladior_regios?post=23085"}],"curies":[{"name":"wp","href":"https:\/\/api.w.org\/{rel}","templated":true}]}}