{"id":39686,"date":"2024-06-18T12:07:28","date_gmt":"2024-06-18T12:07:28","guid":{"rendered":"http:\/\/backupvandev-suurmond.triplehosting.nl\/?page_id=39686"},"modified":"2025-03-10T11:01:13","modified_gmt":"2025-03-10T11:01:13","slug":"nos-postes-vacants","status":"publish","type":"page","link":"http:\/\/backupvandev-suurmond.triplehosting.nl\/fr\/nos-postes-vacants\/","title":{"rendered":"Nos postes vacants"},"content":{"rendered":"","protected":false},"excerpt":{"rendered":"","protected":false},"author":2,"featured_media":2749,"parent":0,"menu_order":0,"comment_status":"closed","ping_status":"closed","template":"","meta":{"_acf_changed":false,"inline_featured_image":false,"footnotes":""},"gladior_regios":[1152,1153,1155,1151],"class_list":["post-39686","page","type-page","status-publish","has-post-thumbnail","hentry","gladior_regios-belgium","gladior_regios-france","gladior_regios-luxembourg","gladior_regios-other"],"acf":[],"yoast_head":"<!-- This site is optimized with the Yoast SEO plugin v24.9 - https:\/\/yoast.com\/wordpress\/plugins\/seo\/ -->\n<title>Nos postes vacants | Suurmond<\/title>\n<meta name=\"description\" content=\"Nos employ\u00e9s sont invit\u00e9s \u00e0 contribuer \u00e0 des solutions de pointe et de faire la diff\u00e9rence dans des secteurs tels que la chimie, la pharmacie, l&#039;alimentation et les boissons, ainsi que le p\u00e9trole et le gaz.Rejoignez-nous pour faire la diff\u00e9rence !\" \/>\n<meta name=\"robots\" content=\"noindex, follow, max-snippet:-1, max-image-preview:large, max-video-preview:-1\" \/>\n<meta property=\"og:locale\" content=\"fr_FR\" \/>\n<meta property=\"og:type\" content=\"article\" \/>\n<meta property=\"og:title\" content=\"Nos postes vacants | Suurmond\" \/>\n<meta property=\"og:description\" content=\"Nos employ\u00e9s sont invit\u00e9s \u00e0 contribuer \u00e0 des solutions de pointe et de faire la diff\u00e9rence dans des secteurs tels que la chimie, la pharmacie, l&#039;alimentation et les boissons, ainsi que le p\u00e9trole et le gaz.Rejoignez-nous pour faire la diff\u00e9rence !\" \/>\n<meta property=\"og:url\" content=\"http:\/\/backupvandev-suurmond.triplehosting.nl\/fr\/nos-postes-vacants\/\" \/>\n<meta property=\"og:site_name\" content=\"Suurmond\" \/>\n<meta property=\"article:modified_time\" content=\"2025-03-10T11:01:13+00:00\" \/>\n<meta property=\"og:image\" content=\"http:\/\/backupvandev-suurmond.triplehosting.nl\/wp-content\/uploads\/2020\/04\/person.jpg\" \/>\n\t<meta property=\"og:image:width\" content=\"500\" \/>\n\t<meta property=\"og:image:height\" content=\"500\" \/>\n\t<meta property=\"og:image:type\" content=\"image\/jpeg\" \/>\n<meta name=\"twitter:card\" content=\"summary_large_image\" \/>\n<meta name=\"twitter:label1\" content=\"Dur\u00e9e de lecture estim\u00e9e\" \/>\n\t<meta name=\"twitter:data1\" content=\"1 minute\" \/>\n<script type=\"application\/ld+json\" class=\"yoast-schema-graph\">{\"@context\":\"https:\/\/schema.org\",\"@graph\":[{\"@type\":\"WebPage\",\"@id\":\"http:\/\/backupvandev-suurmond.triplehosting.nl\/fr\/nos-postes-vacants\/\",\"url\":\"http:\/\/backupvandev-suurmond.triplehosting.nl\/fr\/nos-postes-vacants\/\",\"name\":\"Nos postes vacants | Suurmond\",\"isPartOf\":{\"@id\":\"https:\/\/backupvandev-suurmond.triplehosting.nl\/fr\/#website\"},\"primaryImageOfPage\":{\"@id\":\"http:\/\/backupvandev-suurmond.triplehosting.nl\/fr\/nos-postes-vacants\/#primaryimage\"},\"image\":{\"@id\":\"http:\/\/backupvandev-suurmond.triplehosting.nl\/fr\/nos-postes-vacants\/#primaryimage\"},\"thumbnailUrl\":\"http:\/\/backupvandev-suurmond.triplehosting.nl\/wp-content\/uploads\/2020\/04\/person.jpg\",\"datePublished\":\"2024-06-18T12:07:28+00:00\",\"dateModified\":\"2025-03-10T11:01:13+00:00\",\"description\":\"Nos employ\u00e9s sont invit\u00e9s \u00e0 contribuer \u00e0 des solutions de pointe et de faire la diff\u00e9rence dans des secteurs tels que la chimie, la pharmacie, l'alimentation et les boissons, ainsi que le p\u00e9trole et le gaz.Rejoignez-nous pour faire la diff\u00e9rence !\",\"breadcrumb\":{\"@id\":\"http:\/\/backupvandev-suurmond.triplehosting.nl\/fr\/nos-postes-vacants\/#breadcrumb\"},\"inLanguage\":\"fr-FR\",\"potentialAction\":[{\"@type\":\"ReadAction\",\"target\":[\"http:\/\/backupvandev-suurmond.triplehosting.nl\/fr\/nos-postes-vacants\/\"]}]},{\"@type\":\"ImageObject\",\"inLanguage\":\"fr-FR\",\"@id\":\"http:\/\/backupvandev-suurmond.triplehosting.nl\/fr\/nos-postes-vacants\/#primaryimage\",\"url\":\"http:\/\/backupvandev-suurmond.triplehosting.nl\/wp-content\/uploads\/2020\/04\/person.jpg\",\"contentUrl\":\"http:\/\/backupvandev-suurmond.triplehosting.nl\/wp-content\/uploads\/2020\/04\/person.jpg\",\"width\":500,\"height\":500,\"caption\":\"person\"},{\"@type\":\"BreadcrumbList\",\"@id\":\"http:\/\/backupvandev-suurmond.triplehosting.nl\/fr\/nos-postes-vacants\/#breadcrumb\",\"itemListElement\":[{\"@type\":\"ListItem\",\"position\":1,\"name\":\"Home\",\"item\":\"http:\/\/backupvandev-suurmond.triplehosting.nl\/fr\/\"},{\"@type\":\"ListItem\",\"position\":2,\"name\":\"Nos postes vacants\"}]},{\"@type\":\"WebSite\",\"@id\":\"https:\/\/backupvandev-suurmond.triplehosting.nl\/fr\/#website\",\"url\":\"https:\/\/backupvandev-suurmond.triplehosting.nl\/fr\/\",\"name\":\"Suurmond\",\"description\":\"Engineered solutions\",\"potentialAction\":[{\"@type\":\"SearchAction\",\"target\":{\"@type\":\"EntryPoint\",\"urlTemplate\":\"https:\/\/backupvandev-suurmond.triplehosting.nl\/fr\/?s={search_term_string}\"},\"query-input\":{\"@type\":\"PropertyValueSpecification\",\"valueRequired\":true,\"valueName\":\"search_term_string\"}}],\"inLanguage\":\"fr-FR\"}]}<\/script>\n<!-- \/ Yoast SEO plugin. -->","yoast_head_json":{"title":"Nos postes vacants | Suurmond","description":"Nos employ\u00e9s sont invit\u00e9s \u00e0 contribuer \u00e0 des solutions de pointe et de faire la diff\u00e9rence dans des secteurs tels que la chimie, la pharmacie, l'alimentation et les boissons, ainsi que le p\u00e9trole et le gaz.Rejoignez-nous pour faire la diff\u00e9rence !","robots":{"index":"noindex","follow":"follow","max-snippet":"max-snippet:-1","max-image-preview":"max-image-preview:large","max-video-preview":"max-video-preview:-1"},"og_locale":"fr_FR","og_type":"article","og_title":"Nos postes vacants | Suurmond","og_description":"Nos employ\u00e9s sont invit\u00e9s \u00e0 contribuer \u00e0 des solutions de pointe et de faire la diff\u00e9rence dans des secteurs tels que la chimie, la pharmacie, l'alimentation et les boissons, ainsi que le p\u00e9trole et le gaz.Rejoignez-nous pour faire la diff\u00e9rence !","og_url":"http:\/\/backupvandev-suurmond.triplehosting.nl\/fr\/nos-postes-vacants\/","og_site_name":"Suurmond","article_modified_time":"2025-03-10T11:01:13+00:00","og_image":[{"width":500,"height":500,"url":"http:\/\/backupvandev-suurmond.triplehosting.nl\/wp-content\/uploads\/2020\/04\/person.jpg","type":"image\/jpeg"}],"twitter_card":"summary_large_image","twitter_misc":{"Dur\u00e9e de lecture estim\u00e9e":"1 minute"},"schema":{"@context":"https:\/\/schema.org","@graph":[{"@type":"WebPage","@id":"http:\/\/backupvandev-suurmond.triplehosting.nl\/fr\/nos-postes-vacants\/","url":"http:\/\/backupvandev-suurmond.triplehosting.nl\/fr\/nos-postes-vacants\/","name":"Nos postes vacants | Suurmond","isPartOf":{"@id":"https:\/\/backupvandev-suurmond.triplehosting.nl\/fr\/#website"},"primaryImageOfPage":{"@id":"http:\/\/backupvandev-suurmond.triplehosting.nl\/fr\/nos-postes-vacants\/#primaryimage"},"image":{"@id":"http:\/\/backupvandev-suurmond.triplehosting.nl\/fr\/nos-postes-vacants\/#primaryimage"},"thumbnailUrl":"http:\/\/backupvandev-suurmond.triplehosting.nl\/wp-content\/uploads\/2020\/04\/person.jpg","datePublished":"2024-06-18T12:07:28+00:00","dateModified":"2025-03-10T11:01:13+00:00","description":"Nos employ\u00e9s sont invit\u00e9s \u00e0 contribuer \u00e0 des solutions de pointe et de faire la diff\u00e9rence dans des secteurs tels que la chimie, la pharmacie, l'alimentation et les boissons, ainsi que le p\u00e9trole et le gaz.Rejoignez-nous pour faire la diff\u00e9rence !","breadcrumb":{"@id":"http:\/\/backupvandev-suurmond.triplehosting.nl\/fr\/nos-postes-vacants\/#breadcrumb"},"inLanguage":"fr-FR","potentialAction":[{"@type":"ReadAction","target":["http:\/\/backupvandev-suurmond.triplehosting.nl\/fr\/nos-postes-vacants\/"]}]},{"@type":"ImageObject","inLanguage":"fr-FR","@id":"http:\/\/backupvandev-suurmond.triplehosting.nl\/fr\/nos-postes-vacants\/#primaryimage","url":"http:\/\/backupvandev-suurmond.triplehosting.nl\/wp-content\/uploads\/2020\/04\/person.jpg","contentUrl":"http:\/\/backupvandev-suurmond.triplehosting.nl\/wp-content\/uploads\/2020\/04\/person.jpg","width":500,"height":500,"caption":"person"},{"@type":"BreadcrumbList","@id":"http:\/\/backupvandev-suurmond.triplehosting.nl\/fr\/nos-postes-vacants\/#breadcrumb","itemListElement":[{"@type":"ListItem","position":1,"name":"Home","item":"http:\/\/backupvandev-suurmond.triplehosting.nl\/fr\/"},{"@type":"ListItem","position":2,"name":"Nos postes vacants"}]},{"@type":"WebSite","@id":"https:\/\/backupvandev-suurmond.triplehosting.nl\/fr\/#website","url":"https:\/\/backupvandev-suurmond.triplehosting.nl\/fr\/","name":"Suurmond","description":"Engineered solutions","potentialAction":[{"@type":"SearchAction","target":{"@type":"EntryPoint","urlTemplate":"https:\/\/backupvandev-suurmond.triplehosting.nl\/fr\/?s={search_term_string}"},"query-input":{"@type":"PropertyValueSpecification","valueRequired":true,"valueName":"search_term_string"}}],"inLanguage":"fr-FR"}]}},"_links":{"self":[{"href":"http:\/\/backupvandev-suurmond.triplehosting.nl\/fr\/wp-json\/wp\/v2\/pages\/39686","targetHints":{"allow":["GET"]}}],"collection":[{"href":"http:\/\/backupvandev-suurmond.triplehosting.nl\/fr\/wp-json\/wp\/v2\/pages"}],"about":[{"href":"http:\/\/backupvandev-suurmond.triplehosting.nl\/fr\/wp-json\/wp\/v2\/types\/page"}],"author":[{"embeddable":true,"href":"http:\/\/backupvandev-suurmond.triplehosting.nl\/fr\/wp-json\/wp\/v2\/users\/2"}],"replies":[{"embeddable":true,"href":"http:\/\/backupvandev-suurmond.triplehosting.nl\/fr\/wp-json\/wp\/v2\/comments?post=39686"}],"version-history":[{"count":6,"href":"http:\/\/backupvandev-suurmond.triplehosting.nl\/fr\/wp-json\/wp\/v2\/pages\/39686\/revisions"}],"predecessor-version":[{"id":39956,"href":"http:\/\/backupvandev-suurmond.triplehosting.nl\/fr\/wp-json\/wp\/v2\/pages\/39686\/revisions\/39956"}],"wp:featuredmedia":[{"embeddable":true,"href":"http:\/\/backupvandev-suurmond.triplehosting.nl\/fr\/wp-json\/wp\/v2\/media\/2749"}],"wp:attachment":[{"href":"http:\/\/backupvandev-suurmond.triplehosting.nl\/fr\/wp-json\/wp\/v2\/media?parent=39686"}],"wp:term":[{"taxonomy":"gladior_regios","embeddable":true,"href":"http:\/\/backupvandev-suurmond.triplehosting.nl\/fr\/wp-json\/wp\/v2\/gladior_regios?post=39686"}],"curies":[{"name":"wp","href":"https:\/\/api.w.org\/{rel}","templated":true}]}}