{"id":39676,"date":"2024-06-18T11:21:59","date_gmt":"2024-06-18T11:21:59","guid":{"rendered":"http:\/\/backupvandev-suurmond.triplehosting.nl\/?page_id=39676"},"modified":"2025-03-10T08:56:21","modified_gmt":"2025-03-10T08:56:21","slug":"nos-collegues-temoignent","status":"publish","type":"page","link":"http:\/\/backupvandev-suurmond.triplehosting.nl\/fr\/nos-collegues-temoignent\/","title":{"rendered":"Nos coll\u00e8gues t\u00e9moignent"},"content":{"rendered":"","protected":false},"excerpt":{"rendered":"","protected":false},"author":2,"featured_media":21304,"parent":0,"menu_order":0,"comment_status":"closed","ping_status":"closed","template":"templates\/stories-overview-template.php","meta":{"_acf_changed":false,"inline_featured_image":false,"footnotes":""},"gladior_regios":[1152,1153,1155,1151],"class_list":["post-39676","page","type-page","status-publish","has-post-thumbnail","hentry","gladior_regios-belgium","gladior_regios-france","gladior_regios-luxembourg","gladior_regios-other"],"acf":[],"yoast_head":"<!-- This site is optimized with the Yoast SEO plugin v24.9 - https:\/\/yoast.com\/wordpress\/plugins\/seo\/ -->\n<title>Nos coll\u00e8gues t\u00e9moignent | Suurmond<\/title>\n<meta name=\"description\" content=\"Rencontrez quelques-uns de nos coll\u00e8gues. Qu\u2019est-ce qui les passionne en ce moment ? Nos employ\u00e9s sont invit\u00e9s \u00e0 contribuer \u00e0 des solutions de pointe et de faire la diff\u00e9rence dans des secteurs tels que la chimie, la pharmacie, l&#039;alimentation et les boissons, ainsi que le p\u00e9trole et le gaz.\" \/>\n<meta name=\"robots\" content=\"noindex, follow, max-snippet:-1, max-image-preview:large, max-video-preview:-1\" \/>\n<meta property=\"og:locale\" content=\"fr_FR\" \/>\n<meta property=\"og:type\" content=\"article\" \/>\n<meta property=\"og:title\" content=\"Nos coll\u00e8gues t\u00e9moignent | Suurmond\" \/>\n<meta property=\"og:description\" content=\"Rencontrez quelques-uns de nos coll\u00e8gues. Qu\u2019est-ce qui les passionne en ce moment ? Nos employ\u00e9s sont invit\u00e9s \u00e0 contribuer \u00e0 des solutions de pointe et de faire la diff\u00e9rence dans des secteurs tels que la chimie, la pharmacie, l&#039;alimentation et les boissons, ainsi que le p\u00e9trole et le gaz.\" \/>\n<meta property=\"og:url\" content=\"http:\/\/backupvandev-suurmond.triplehosting.nl\/fr\/nos-collegues-temoignent\/\" \/>\n<meta property=\"og:site_name\" content=\"Suurmond\" \/>\n<meta property=\"article:modified_time\" content=\"2025-03-10T08:56:21+00:00\" \/>\n<meta property=\"og:image\" content=\"http:\/\/backupvandev-suurmond.triplehosting.nl\/wp-content\/uploads\/2020\/04\/2022-Wim-van-der-Kolk-1.jpg\" \/>\n\t<meta property=\"og:image:width\" content=\"2036\" \/>\n\t<meta property=\"og:image:height\" content=\"2036\" \/>\n\t<meta property=\"og:image:type\" content=\"image\/jpeg\" \/>\n<meta name=\"twitter:card\" content=\"summary_large_image\" \/>\n<meta name=\"twitter:label1\" content=\"Dur\u00e9e de lecture estim\u00e9e\" \/>\n\t<meta name=\"twitter:data1\" content=\"1 minute\" \/>\n<script type=\"application\/ld+json\" class=\"yoast-schema-graph\">{\"@context\":\"https:\/\/schema.org\",\"@graph\":[{\"@type\":\"WebPage\",\"@id\":\"http:\/\/backupvandev-suurmond.triplehosting.nl\/fr\/nos-collegues-temoignent\/\",\"url\":\"http:\/\/backupvandev-suurmond.triplehosting.nl\/fr\/nos-collegues-temoignent\/\",\"name\":\"Nos coll\u00e8gues t\u00e9moignent | Suurmond\",\"isPartOf\":{\"@id\":\"https:\/\/backupvandev-suurmond.triplehosting.nl\/fr\/#website\"},\"primaryImageOfPage\":{\"@id\":\"http:\/\/backupvandev-suurmond.triplehosting.nl\/fr\/nos-collegues-temoignent\/#primaryimage\"},\"image\":{\"@id\":\"http:\/\/backupvandev-suurmond.triplehosting.nl\/fr\/nos-collegues-temoignent\/#primaryimage\"},\"thumbnailUrl\":\"http:\/\/backupvandev-suurmond.triplehosting.nl\/wp-content\/uploads\/2020\/04\/2022-Wim-van-der-Kolk-1.jpg\",\"datePublished\":\"2024-06-18T11:21:59+00:00\",\"dateModified\":\"2025-03-10T08:56:21+00:00\",\"description\":\"Rencontrez quelques-uns de nos coll\u00e8gues. Qu\u2019est-ce qui les passionne en ce moment ? Nos employ\u00e9s sont invit\u00e9s \u00e0 contribuer \u00e0 des solutions de pointe et de faire la diff\u00e9rence dans des secteurs tels que la chimie, la pharmacie, l'alimentation et les boissons, ainsi que le p\u00e9trole et le gaz.\",\"breadcrumb\":{\"@id\":\"http:\/\/backupvandev-suurmond.triplehosting.nl\/fr\/nos-collegues-temoignent\/#breadcrumb\"},\"inLanguage\":\"fr-FR\",\"potentialAction\":[{\"@type\":\"ReadAction\",\"target\":[\"http:\/\/backupvandev-suurmond.triplehosting.nl\/fr\/nos-collegues-temoignent\/\"]}]},{\"@type\":\"ImageObject\",\"inLanguage\":\"fr-FR\",\"@id\":\"http:\/\/backupvandev-suurmond.triplehosting.nl\/fr\/nos-collegues-temoignent\/#primaryimage\",\"url\":\"http:\/\/backupvandev-suurmond.triplehosting.nl\/wp-content\/uploads\/2020\/04\/2022-Wim-van-der-Kolk-1.jpg\",\"contentUrl\":\"http:\/\/backupvandev-suurmond.triplehosting.nl\/wp-content\/uploads\/2020\/04\/2022-Wim-van-der-Kolk-1.jpg\",\"width\":2036,\"height\":2036,\"caption\":\"Wim van der Kolk | Suurmond\"},{\"@type\":\"BreadcrumbList\",\"@id\":\"http:\/\/backupvandev-suurmond.triplehosting.nl\/fr\/nos-collegues-temoignent\/#breadcrumb\",\"itemListElement\":[{\"@type\":\"ListItem\",\"position\":1,\"name\":\"Home\",\"item\":\"http:\/\/backupvandev-suurmond.triplehosting.nl\/fr\/\"},{\"@type\":\"ListItem\",\"position\":2,\"name\":\"Nos coll\u00e8gues t\u00e9moignent\"}]},{\"@type\":\"WebSite\",\"@id\":\"https:\/\/backupvandev-suurmond.triplehosting.nl\/fr\/#website\",\"url\":\"https:\/\/backupvandev-suurmond.triplehosting.nl\/fr\/\",\"name\":\"Suurmond\",\"description\":\"Engineered solutions\",\"potentialAction\":[{\"@type\":\"SearchAction\",\"target\":{\"@type\":\"EntryPoint\",\"urlTemplate\":\"https:\/\/backupvandev-suurmond.triplehosting.nl\/fr\/?s={search_term_string}\"},\"query-input\":{\"@type\":\"PropertyValueSpecification\",\"valueRequired\":true,\"valueName\":\"search_term_string\"}}],\"inLanguage\":\"fr-FR\"}]}<\/script>\n<!-- \/ Yoast SEO plugin. -->","yoast_head_json":{"title":"Nos coll\u00e8gues t\u00e9moignent | Suurmond","description":"Rencontrez quelques-uns de nos coll\u00e8gues. Qu\u2019est-ce qui les passionne en ce moment ? Nos employ\u00e9s sont invit\u00e9s \u00e0 contribuer \u00e0 des solutions de pointe et de faire la diff\u00e9rence dans des secteurs tels que la chimie, la pharmacie, l'alimentation et les boissons, ainsi que le p\u00e9trole et le gaz.","robots":{"index":"noindex","follow":"follow","max-snippet":"max-snippet:-1","max-image-preview":"max-image-preview:large","max-video-preview":"max-video-preview:-1"},"og_locale":"fr_FR","og_type":"article","og_title":"Nos coll\u00e8gues t\u00e9moignent | Suurmond","og_description":"Rencontrez quelques-uns de nos coll\u00e8gues. Qu\u2019est-ce qui les passionne en ce moment ? Nos employ\u00e9s sont invit\u00e9s \u00e0 contribuer \u00e0 des solutions de pointe et de faire la diff\u00e9rence dans des secteurs tels que la chimie, la pharmacie, l'alimentation et les boissons, ainsi que le p\u00e9trole et le gaz.","og_url":"http:\/\/backupvandev-suurmond.triplehosting.nl\/fr\/nos-collegues-temoignent\/","og_site_name":"Suurmond","article_modified_time":"2025-03-10T08:56:21+00:00","og_image":[{"width":2036,"height":2036,"url":"http:\/\/backupvandev-suurmond.triplehosting.nl\/wp-content\/uploads\/2020\/04\/2022-Wim-van-der-Kolk-1.jpg","type":"image\/jpeg"}],"twitter_card":"summary_large_image","twitter_misc":{"Dur\u00e9e de lecture estim\u00e9e":"1 minute"},"schema":{"@context":"https:\/\/schema.org","@graph":[{"@type":"WebPage","@id":"http:\/\/backupvandev-suurmond.triplehosting.nl\/fr\/nos-collegues-temoignent\/","url":"http:\/\/backupvandev-suurmond.triplehosting.nl\/fr\/nos-collegues-temoignent\/","name":"Nos coll\u00e8gues t\u00e9moignent | Suurmond","isPartOf":{"@id":"https:\/\/backupvandev-suurmond.triplehosting.nl\/fr\/#website"},"primaryImageOfPage":{"@id":"http:\/\/backupvandev-suurmond.triplehosting.nl\/fr\/nos-collegues-temoignent\/#primaryimage"},"image":{"@id":"http:\/\/backupvandev-suurmond.triplehosting.nl\/fr\/nos-collegues-temoignent\/#primaryimage"},"thumbnailUrl":"http:\/\/backupvandev-suurmond.triplehosting.nl\/wp-content\/uploads\/2020\/04\/2022-Wim-van-der-Kolk-1.jpg","datePublished":"2024-06-18T11:21:59+00:00","dateModified":"2025-03-10T08:56:21+00:00","description":"Rencontrez quelques-uns de nos coll\u00e8gues. Qu\u2019est-ce qui les passionne en ce moment ? Nos employ\u00e9s sont invit\u00e9s \u00e0 contribuer \u00e0 des solutions de pointe et de faire la diff\u00e9rence dans des secteurs tels que la chimie, la pharmacie, l'alimentation et les boissons, ainsi que le p\u00e9trole et le gaz.","breadcrumb":{"@id":"http:\/\/backupvandev-suurmond.triplehosting.nl\/fr\/nos-collegues-temoignent\/#breadcrumb"},"inLanguage":"fr-FR","potentialAction":[{"@type":"ReadAction","target":["http:\/\/backupvandev-suurmond.triplehosting.nl\/fr\/nos-collegues-temoignent\/"]}]},{"@type":"ImageObject","inLanguage":"fr-FR","@id":"http:\/\/backupvandev-suurmond.triplehosting.nl\/fr\/nos-collegues-temoignent\/#primaryimage","url":"http:\/\/backupvandev-suurmond.triplehosting.nl\/wp-content\/uploads\/2020\/04\/2022-Wim-van-der-Kolk-1.jpg","contentUrl":"http:\/\/backupvandev-suurmond.triplehosting.nl\/wp-content\/uploads\/2020\/04\/2022-Wim-van-der-Kolk-1.jpg","width":2036,"height":2036,"caption":"Wim van der Kolk | Suurmond"},{"@type":"BreadcrumbList","@id":"http:\/\/backupvandev-suurmond.triplehosting.nl\/fr\/nos-collegues-temoignent\/#breadcrumb","itemListElement":[{"@type":"ListItem","position":1,"name":"Home","item":"http:\/\/backupvandev-suurmond.triplehosting.nl\/fr\/"},{"@type":"ListItem","position":2,"name":"Nos coll\u00e8gues t\u00e9moignent"}]},{"@type":"WebSite","@id":"https:\/\/backupvandev-suurmond.triplehosting.nl\/fr\/#website","url":"https:\/\/backupvandev-suurmond.triplehosting.nl\/fr\/","name":"Suurmond","description":"Engineered solutions","potentialAction":[{"@type":"SearchAction","target":{"@type":"EntryPoint","urlTemplate":"https:\/\/backupvandev-suurmond.triplehosting.nl\/fr\/?s={search_term_string}"},"query-input":{"@type":"PropertyValueSpecification","valueRequired":true,"valueName":"search_term_string"}}],"inLanguage":"fr-FR"}]}},"_links":{"self":[{"href":"http:\/\/backupvandev-suurmond.triplehosting.nl\/fr\/wp-json\/wp\/v2\/pages\/39676","targetHints":{"allow":["GET"]}}],"collection":[{"href":"http:\/\/backupvandev-suurmond.triplehosting.nl\/fr\/wp-json\/wp\/v2\/pages"}],"about":[{"href":"http:\/\/backupvandev-suurmond.triplehosting.nl\/fr\/wp-json\/wp\/v2\/types\/page"}],"author":[{"embeddable":true,"href":"http:\/\/backupvandev-suurmond.triplehosting.nl\/fr\/wp-json\/wp\/v2\/users\/2"}],"replies":[{"embeddable":true,"href":"http:\/\/backupvandev-suurmond.triplehosting.nl\/fr\/wp-json\/wp\/v2\/comments?post=39676"}],"version-history":[{"count":9,"href":"http:\/\/backupvandev-suurmond.triplehosting.nl\/fr\/wp-json\/wp\/v2\/pages\/39676\/revisions"}],"predecessor-version":[{"id":39880,"href":"http:\/\/backupvandev-suurmond.triplehosting.nl\/fr\/wp-json\/wp\/v2\/pages\/39676\/revisions\/39880"}],"wp:featuredmedia":[{"embeddable":true,"href":"http:\/\/backupvandev-suurmond.triplehosting.nl\/fr\/wp-json\/wp\/v2\/media\/21304"}],"wp:attachment":[{"href":"http:\/\/backupvandev-suurmond.triplehosting.nl\/fr\/wp-json\/wp\/v2\/media?parent=39676"}],"wp:term":[{"taxonomy":"gladior_regios","embeddable":true,"href":"http:\/\/backupvandev-suurmond.triplehosting.nl\/fr\/wp-json\/wp\/v2\/gladior_regios?post=39676"}],"curies":[{"name":"wp","href":"https:\/\/api.w.org\/{rel}","templated":true}]}}